{"id":1252,"date":"2026-01-15T06:32:34","date_gmt":"2026-01-15T05:32:34","guid":{"rendered":"https:\/\/100blogs.ovh\/36\/index.php\/cart\/"},"modified":"2026-01-15T06:32:34","modified_gmt":"2026-01-15T05:32:34","slug":"cart","status":"publish","type":"page","link":"https:\/\/100blogs.ovh\/36\/index.php\/cart\/","title":{"rendered":"Cart"},"content":{"rendered":"\n<div data-block-name=\"woocommerce\/cart\" class=\"wp-block-woocommerce-cart alignwide is-loading\">\n<div data-block-name=\"woocommerce\/filled-cart-block\" class=\"wp-block-woocommerce-filled-cart-block\">\n<div data-block-name=\"woocommerce\/cart-items-block\" class=\"wp-block-woocommerce-cart-items-block\">\n<div data-block-name=\"woocommerce\/cart-line-items-block\" class=\"wp-block-woocommerce-cart-line-items-block\"><\/div>\n\n\n<\/div>\n\n\n\n\n<div data-block-name=\"woocommerce\/cart-totals-block\" class=\"wp-block-woocommerce-cart-totals-block\">\n<div data-block-name=\"woocommerce\/cart-order-summary-block\" class=\"wp-block-woocommerce-cart-order-summary-block\">\n<div data-block-name=\"woocommerce\/cart-order-summary-heading-block\" class=\"wp-block-woocommerce-cart-order-summary-heading-block\"><\/div><div data-block-name=\"woocommerce\/cart-order-summary-coupon-form-block\" class=\"wp-block-woocommerce-cart-order-summary-coupon-form-block\"><\/div><div data-block-name=\"woocommerce\/cart-order-summary-totals-block\" class=\"wp-block-woocommerce-cart-order-summary-totals-block\">\n<div data-block-name=\"woocommerce\/cart-order-summary-subtotal-block\" class=\"wp-block-woocommerce-cart-order-summary-subtotal-block\"><\/div>\n<div data-block-name=\"woocommerce\/cart-order-summary-discount-block\" class=\"wp-block-woocommerce-cart-order-summary-discount-block\"><\/div>\n<div data-block-name=\"woocommerce\/cart-order-summary-fee-block\" class=\"wp-block-woocommerce-cart-order-summary-fee-block\"><\/div>\n<div data-block-name=\"woocommerce\/cart-order-summary-shipping-block\" class=\"wp-block-woocommerce-cart-order-summary-shipping-block\"><\/div>\n<div data-block-name=\"woocommerce\/cart-order-summary-taxes-block\" class=\"wp-block-woocommerce-cart-order-summary-taxes-block\"><\/div><\/div>\n<\/div>\n\n\n\n<div data-block-name=\"woocommerce\/cart-express-payment-block\" class=\"wp-block-woocommerce-cart-express-payment-block\"><\/div>\n\n\n\n<div data-block-name=\"woocommerce\/proceed-to-checkout-block\" class=\"wp-block-woocommerce-proceed-to-checkout-block\"><\/div>\n\n\n\n<div data-block-name=\"woocommerce\/cart-accepted-payment-methods-block\" class=\"wp-block-woocommerce-cart-accepted-payment-methods-block\"><\/div>\n<\/div>\n<\/div>\n\n\n\n<div data-block-name=\"woocommerce\/empty-cart-block\" class=\"wp-block-woocommerce-empty-cart-block\">\n<h2 class=\"wp-block-heading has-text-align-center with-empty-cart-icon wc-block-cart__empty-cart__title\">Your cart is currently empty!<\/h2>\n\n\n\n<hr class=\"wp-block-separator has-alpha-channel-opacity is-style-dots\"\/>\n\n\n\n<h2 class=\"wp-block-heading has-text-align-center\">New in store<\/h2>\n\n\n<div data-block-name=\"woocommerce\/product-new\" data-columns=\"4\" data-rows=\"1\" class=\"wc-block-grid wp-block-product-new wp-block-woocommerce-product-new wc-block-product-new has-4-columns\"><ul class=\"wc-block-grid__products\"><li class=\"wc-block-grid__product\">\n\t\t\t\t<a href=\"https:\/\/100blogs.ovh\/36\/index.php\/product\/quick-guide-to-discovering-mediterranean-sea\/\" class=\"wc-block-grid__product-link\">\n\t\t\t\t\t\n\t\t\t\t\t<div class=\"wc-block-grid__product-image\"><img fetchpriority=\"high\" decoding=\"async\" width=\"300\" height=\"300\" src=\"https:\/\/100blogs.ovh\/36\/wp-content\/uploads\/2026\/02\/mediterranean-sea-guide-300x300.jpg\" class=\"attachment-woocommerce_thumbnail size-woocommerce_thumbnail\" alt=\"\u062f\u0644\u064a\u0644 \u0633\u0631\u064a\u0639 \u0644\u0627\u0643\u062a\u0634\u0627\u0641 mar mediterraneo: \u0623\u062c\u0645\u0644 \u0627\u0644\u0645\u062f\u0646 \u0648\u0627\u0644\u0623\u0646\u0634\u0637\u0629 \u0639\u0644\u0649 \u0627\u0644\u0628\u062d\u0631 \u0627\u0644\u0623\u0628\u064a\u0636 \u0627\u0644\u0645\u062a\u0648\u0633\u0637\" srcset=\"https:\/\/100blogs.ovh\/36\/wp-content\/uploads\/2026\/02\/mediterranean-sea-guide-300x300.jpg 300w, https:\/\/100blogs.ovh\/36\/wp-content\/uploads\/2026\/02\/mediterranean-sea-guide-150x150.jpg 150w, https:\/\/100blogs.ovh\/36\/wp-content\/uploads\/2026\/02\/mediterranean-sea-guide-768x768.jpg 768w, https:\/\/100blogs.ovh\/36\/wp-content\/uploads\/2026\/02\/mediterranean-sea-guide-600x600.jpg 600w, https:\/\/100blogs.ovh\/36\/wp-content\/uploads\/2026\/02\/mediterranean-sea-guide-100x100.jpg 100w, https:\/\/100blogs.ovh\/36\/wp-content\/uploads\/2026\/02\/mediterranean-sea-guide.jpg 1024w\" sizes=\"(max-width: 300px) 100vw, 300px\" \/><\/div>\n\t\t\t\t\t<div class=\"wc-block-grid__product-title\">\u062f\u0644\u064a\u0644 \u0633\u0631\u064a\u0639 \u0644\u0627\u0643\u062a\u0634\u0627\u0641 mar mediterraneo: \u0623\u062c\u0645\u0644 \u0627\u0644\u0645\u062f\u0646 \u0648\u0627\u0644\u0623\u0646\u0634\u0637\u0629 \u0639\u0644\u0649 \u0627\u0644\u0628\u062d\u0631 \u0627\u0644\u0623\u0628\u064a\u0636 \u0627\u0644\u0645\u062a\u0648\u0633\u0637<\/div>\n\t\t\t\t<\/a>\n\t\t\t\t<div class=\"wc-block-grid__product-price price\"><\/div>\n\t\t\t\t\n\t\t\t\t<div class=\"wp-block-button wc-block-grid__product-add-to-cart\"><a href=\"https:\/\/100blogs.ovh\/36\/index.php\/product\/quick-guide-to-discovering-mediterranean-sea\/\" aria-label=\"Read more about &ldquo;\u062f\u0644\u064a\u0644 \u0633\u0631\u064a\u0639 \u0644\u0627\u0643\u062a\u0634\u0627\u0641 mar mediterraneo: \u0623\u062c\u0645\u0644 \u0627\u0644\u0645\u062f\u0646 \u0648\u0627\u0644\u0623\u0646\u0634\u0637\u0629 \u0639\u0644\u0649 \u0627\u0644\u0628\u062d\u0631 \u0627\u0644\u0623\u0628\u064a\u0636 \u0627\u0644\u0645\u062a\u0648\u0633\u0637&rdquo;\" data-quantity=\"1\" data-product_id=\"1430\" data-product_sku=\"\" data-price=\"0\" rel=\"nofollow\" class=\"wp-block-button__link wp-element-button add_to_cart_button\">Read more<\/a><\/div>\n\t\t\t<\/li><li class=\"wc-block-grid__product\">\n\t\t\t\t<a href=\"https:\/\/100blogs.ovh\/36\/index.php\/product\/moviles-de-ultima-generacion-que-mirar-antes-de-comprar-y-como-sacarles-mas-partido\/\" class=\"wc-block-grid__product-link\">\n\t\t\t\t\t\n\t\t\t\t\t<div class=\"wc-block-grid__product-image\"><img decoding=\"async\" width=\"300\" height=\"300\" src=\"https:\/\/100blogs.ovh\/36\/wp-content\/uploads\/2026\/02\/Moviles-de-ultima-generacion-que-mirar-antes-de-comprar-y-como-sacarles-mas-partido-300x300.jpg\" class=\"attachment-woocommerce_thumbnail size-woocommerce_thumbnail\" alt=\"M\u00f3viles de \u00faltima generaci\u00f3n: qu\u00e9 mirar antes de comprar y c\u00f3mo sacarles m\u00e1s partido\" srcset=\"https:\/\/100blogs.ovh\/36\/wp-content\/uploads\/2026\/02\/Moviles-de-ultima-generacion-que-mirar-antes-de-comprar-y-como-sacarles-mas-partido-300x300.jpg 300w, https:\/\/100blogs.ovh\/36\/wp-content\/uploads\/2026\/02\/Moviles-de-ultima-generacion-que-mirar-antes-de-comprar-y-como-sacarles-mas-partido-150x150.jpg 150w, https:\/\/100blogs.ovh\/36\/wp-content\/uploads\/2026\/02\/Moviles-de-ultima-generacion-que-mirar-antes-de-comprar-y-como-sacarles-mas-partido-768x768.jpg 768w, https:\/\/100blogs.ovh\/36\/wp-content\/uploads\/2026\/02\/Moviles-de-ultima-generacion-que-mirar-antes-de-comprar-y-como-sacarles-mas-partido-600x600.jpg 600w, https:\/\/100blogs.ovh\/36\/wp-content\/uploads\/2026\/02\/Moviles-de-ultima-generacion-que-mirar-antes-de-comprar-y-como-sacarles-mas-partido-100x100.jpg 100w, https:\/\/100blogs.ovh\/36\/wp-content\/uploads\/2026\/02\/Moviles-de-ultima-generacion-que-mirar-antes-de-comprar-y-como-sacarles-mas-partido.jpg 1024w\" sizes=\"(max-width: 300px) 100vw, 300px\" \/><\/div>\n\t\t\t\t\t<div class=\"wc-block-grid__product-title\">M\u00f3viles de \u00faltima generaci\u00f3n: qu\u00e9 mirar antes de comprar y c\u00f3mo sacarles m\u00e1s partido<\/div>\n\t\t\t\t<\/a>\n\t\t\t\t<div class=\"wc-block-grid__product-price price\"><\/div>\n\t\t\t\t\n\t\t\t\t<div class=\"wp-block-button wc-block-grid__product-add-to-cart\"><a href=\"https:\/\/100blogs.ovh\/36\/index.php\/product\/moviles-de-ultima-generacion-que-mirar-antes-de-comprar-y-como-sacarles-mas-partido\/\" aria-label=\"Read more about &ldquo;M\u00f3viles de \u00faltima generaci\u00f3n: qu\u00e9 mirar antes de comprar y c\u00f3mo sacarles m\u00e1s partido&rdquo;\" data-quantity=\"1\" data-product_id=\"1425\" data-product_sku=\"\" data-price=\"0\" rel=\"nofollow\" class=\"wp-block-button__link wp-element-button add_to_cart_button\">Read more<\/a><\/div>\n\t\t\t<\/li><li class=\"wc-block-grid__product\">\n\t\t\t\t<a href=\"https:\/\/100blogs.ovh\/36\/index.php\/product\/moviles-de-ultima-generacion-en-2026-funciones-clave-para-comprar-con-criterio\/\" class=\"wc-block-grid__product-link\">\n\t\t\t\t\t\n\t\t\t\t\t<div class=\"wc-block-grid__product-image\"><img decoding=\"async\" width=\"300\" height=\"300\" src=\"https:\/\/100blogs.ovh\/36\/wp-content\/uploads\/2026\/02\/Moviles-de-ultima-generacion-en-2026-funciones-clave-para-comprar-con-criterio-300x300.jpg\" class=\"attachment-woocommerce_thumbnail size-woocommerce_thumbnail\" alt=\"M\u00f3viles de \u00faltima generaci\u00f3n en 2026: funciones clave para comprar con criterio\" srcset=\"https:\/\/100blogs.ovh\/36\/wp-content\/uploads\/2026\/02\/Moviles-de-ultima-generacion-en-2026-funciones-clave-para-comprar-con-criterio-300x300.jpg 300w, https:\/\/100blogs.ovh\/36\/wp-content\/uploads\/2026\/02\/Moviles-de-ultima-generacion-en-2026-funciones-clave-para-comprar-con-criterio-150x150.jpg 150w, https:\/\/100blogs.ovh\/36\/wp-content\/uploads\/2026\/02\/Moviles-de-ultima-generacion-en-2026-funciones-clave-para-comprar-con-criterio-768x768.jpg 768w, https:\/\/100blogs.ovh\/36\/wp-content\/uploads\/2026\/02\/Moviles-de-ultima-generacion-en-2026-funciones-clave-para-comprar-con-criterio-600x600.jpg 600w, https:\/\/100blogs.ovh\/36\/wp-content\/uploads\/2026\/02\/Moviles-de-ultima-generacion-en-2026-funciones-clave-para-comprar-con-criterio-100x100.jpg 100w, https:\/\/100blogs.ovh\/36\/wp-content\/uploads\/2026\/02\/Moviles-de-ultima-generacion-en-2026-funciones-clave-para-comprar-con-criterio.jpg 1024w\" sizes=\"(max-width: 300px) 100vw, 300px\" \/><\/div>\n\t\t\t\t\t<div class=\"wc-block-grid__product-title\">M\u00f3viles de \u00faltima generaci\u00f3n en 2026: funciones clave para comprar con criterio<\/div>\n\t\t\t\t<\/a>\n\t\t\t\t<div class=\"wc-block-grid__product-price price\"><\/div>\n\t\t\t\t\n\t\t\t\t<div class=\"wp-block-button wc-block-grid__product-add-to-cart\"><a href=\"https:\/\/100blogs.ovh\/36\/index.php\/product\/moviles-de-ultima-generacion-en-2026-funciones-clave-para-comprar-con-criterio\/\" aria-label=\"Read more about &ldquo;M\u00f3viles de \u00faltima generaci\u00f3n en 2026: funciones clave para comprar con criterio&rdquo;\" data-quantity=\"1\" data-product_id=\"1423\" data-product_sku=\"\" data-price=\"0\" rel=\"nofollow\" class=\"wp-block-button__link wp-element-button add_to_cart_button\">Read more<\/a><\/div>\n\t\t\t<\/li><li class=\"wc-block-grid__product\">\n\t\t\t\t<a href=\"https:\/\/100blogs.ovh\/36\/index.php\/product\/moviles-de-ultima-generacion-como-elegir-el-smartphone-ideal-en-2026\/\" class=\"wc-block-grid__product-link\">\n\t\t\t\t\t\n\t\t\t\t\t<div class=\"wc-block-grid__product-image\"><img loading=\"lazy\" decoding=\"async\" width=\"300\" height=\"300\" src=\"https:\/\/100blogs.ovh\/36\/wp-content\/uploads\/2026\/02\/Moviles-de-ultima-generacion-como-elegir-el-smartphone-ideal-en-2026-300x300.jpg\" class=\"attachment-woocommerce_thumbnail size-woocommerce_thumbnail\" alt=\"M\u00f3viles de \u00faltima generaci\u00f3n: c\u00f3mo elegir el smartphone ideal en 2026\" srcset=\"https:\/\/100blogs.ovh\/36\/wp-content\/uploads\/2026\/02\/Moviles-de-ultima-generacion-como-elegir-el-smartphone-ideal-en-2026-300x300.jpg 300w, https:\/\/100blogs.ovh\/36\/wp-content\/uploads\/2026\/02\/Moviles-de-ultima-generacion-como-elegir-el-smartphone-ideal-en-2026-150x150.jpg 150w, https:\/\/100blogs.ovh\/36\/wp-content\/uploads\/2026\/02\/Moviles-de-ultima-generacion-como-elegir-el-smartphone-ideal-en-2026-768x768.jpg 768w, https:\/\/100blogs.ovh\/36\/wp-content\/uploads\/2026\/02\/Moviles-de-ultima-generacion-como-elegir-el-smartphone-ideal-en-2026-600x600.jpg 600w, https:\/\/100blogs.ovh\/36\/wp-content\/uploads\/2026\/02\/Moviles-de-ultima-generacion-como-elegir-el-smartphone-ideal-en-2026-100x100.jpg 100w, https:\/\/100blogs.ovh\/36\/wp-content\/uploads\/2026\/02\/Moviles-de-ultima-generacion-como-elegir-el-smartphone-ideal-en-2026.jpg 1024w\" sizes=\"(max-width: 300px) 100vw, 300px\" \/><\/div>\n\t\t\t\t\t<div class=\"wc-block-grid__product-title\">M\u00f3viles de \u00faltima generaci\u00f3n: c\u00f3mo elegir el smartphone ideal en 2026<\/div>\n\t\t\t\t<\/a>\n\t\t\t\t<div class=\"wc-block-grid__product-price price\"><\/div>\n\t\t\t\t\n\t\t\t\t<div class=\"wp-block-button wc-block-grid__product-add-to-cart\"><a href=\"https:\/\/100blogs.ovh\/36\/index.php\/product\/moviles-de-ultima-generacion-como-elegir-el-smartphone-ideal-en-2026\/\" aria-label=\"Read more about &ldquo;M\u00f3viles de \u00faltima generaci\u00f3n: c\u00f3mo elegir el smartphone ideal en 2026&rdquo;\" data-quantity=\"1\" data-product_id=\"1421\" data-product_sku=\"\" data-price=\"0\" rel=\"nofollow\" class=\"wp-block-button__link wp-element-button add_to_cart_button\">Read more<\/a><\/div>\n\t\t\t<\/li><\/ul><\/div><\/div>\n<\/div>\n","protected":false},"excerpt":{"rendered":"","protected":false},"author":1,"featured_media":0,"parent":0,"menu_order":0,"comment_status":"closed","ping_status":"closed","template":"","meta":{"footnotes":""},"class_list":["post-1252","page","type-page","status-publish","hentry"],"_links":{"self":[{"href":"https:\/\/100blogs.ovh\/36\/index.php\/wp-json\/wp\/v2\/pages\/1252","targetHints":{"allow":["GET"]}}],"collection":[{"href":"https:\/\/100blogs.ovh\/36\/index.php\/wp-json\/wp\/v2\/pages"}],"about":[{"href":"https:\/\/100blogs.ovh\/36\/index.php\/wp-json\/wp\/v2\/types\/page"}],"author":[{"embeddable":true,"href":"https:\/\/100blogs.ovh\/36\/index.php\/wp-json\/wp\/v2\/users\/1"}],"replies":[{"embeddable":true,"href":"https:\/\/100blogs.ovh\/36\/index.php\/wp-json\/wp\/v2\/comments?post=1252"}],"version-history":[{"count":0,"href":"https:\/\/100blogs.ovh\/36\/index.php\/wp-json\/wp\/v2\/pages\/1252\/revisions"}],"wp:attachment":[{"href":"https:\/\/100blogs.ovh\/36\/index.php\/wp-json\/wp\/v2\/media?parent=1252"}],"curies":[{"name":"wp","href":"https:\/\/api.w.org\/{rel}","templated":true}]}}